{"id":112371,"date":"2025-03-30T11:57:57","date_gmt":"2025-03-30T11:57:57","guid":{"rendered":"https:\/\/www.futuremanagementgroup.com\/dr-pero-micic-links\/"},"modified":"2025-03-30T12:36:30","modified_gmt":"2025-03-30T12:36:30","slug":"dr-pero-micic-links","status":"publish","type":"page","link":"https:\/\/www.futuremanagementgroup.com\/en\/dr-pero-micic-links\/","title":{"rendered":"Dr. Pero Mi\u0107i\u0107 &#8211; Links"},"content":{"rendered":"\t\t<div data-elementor-type=\"wp-page\" data-elementor-id=\"112371\" class=\"elementor elementor-112371 elementor-112366\" data-elementor-post-type=\"page\">\n\t\t\t\t<div class=\"elementor-element elementor-element-7b43886 e-flex e-con-boxed e-con e-parent\" data-id=\"7b43886\" data-element_type=\"container\" data-e-type=\"container\">\n\t\t\t\t\t<div class=\"e-con-inner\">\n\t\t\t\t<div class=\"elementor-element elementor-element-47400c7 elementor-widget elementor-widget-heading\" data-id=\"47400c7\" data-element_type=\"widget\" data-e-type=\"widget\" data-widget_type=\"heading.default\">\n\t\t\t\t<div class=\"elementor-widget-container\">\n\t\t\t\t\t<h2 class=\"elementor-heading-title elementor-size-default\">Prof. Dr. Pero M\u0107i\u0107<\/h2>\t\t\t\t<\/div>\n\t\t\t\t<\/div>\n\t\t\t\t<div class=\"elementor-element elementor-element-bcc4e78 elementor-widget elementor-widget-heading\" data-id=\"bcc4e78\" data-element_type=\"widget\" data-e-type=\"widget\" data-widget_type=\"heading.default\">\n\t\t\t\t<div class=\"elementor-widget-container\">\n\t\t\t\t\t<h1 class=\"elementor-heading-title elementor-size-default\">Links to publications - actitivies - offerings<\/h1>\t\t\t\t<\/div>\n\t\t\t\t<\/div>\n\t\t\t\t<div class=\"elementor-element elementor-element-d20468c elementor-widget elementor-widget-image\" data-id=\"d20468c\" data-element_type=\"widget\" data-e-type=\"widget\" data-widget_type=\"image.default\">\n\t\t\t\t<div class=\"elementor-widget-container\">\n\t\t\t\t\t\t\t\t\t\t\t\t\t\t\t<img decoding=\"async\" width=\"185\" height=\"4\" src=\"https:\/\/www.futuremanagementgroup.com\/wp-content\/uploads\/gradient-1-1.jpg\" class=\"attachment-large size-large wp-image-110708\" alt=\"\" srcset=\"https:\/\/www.futuremanagementgroup.com\/wp-content\/uploads\/gradient-1-1.jpg 185w, https:\/\/www.futuremanagementgroup.com\/wp-content\/uploads\/gradient-1-1-150x4.jpg 150w\" sizes=\"(max-width: 185px) 100vw, 185px\" \/>\t\t\t\t\t\t\t\t\t\t\t\t\t\t\t<\/div>\n\t\t\t\t<\/div>\n\t\t\t\t<div class=\"elementor-element elementor-element-bc4f0f4 elementor-widget elementor-widget-text-editor\" data-id=\"bc4f0f4\" data-element_type=\"widget\" data-e-type=\"widget\" data-widget_type=\"text-editor.default\">\n\t\t\t\t<div class=\"elementor-widget-container\">\n\t\t\t\t\t\t\t\t\t<p><span style=\"font-weight: bolder;\">OFFERINGS<\/span><\/p>\n<p>\u25ba Speeches and keynotes<span style=\"color: var( --e-global-color-text ); font-family: var( --e-global-typography-text-font-family ), Sans-serif; font-size: var( --e-global-typography-text-font-size ); font-weight: var( --e-global-typography-text-font-weight ); text-align: var(--text-align);\">: <\/span><a style=\"font-family: var( --e-global-typography-text-font-family ), Sans-serif; font-size: var( --e-global-typography-text-font-size ); font-weight: var( --e-global-typography-text-font-weight ); text-align: var(--text-align); background-color: #ffffff;\" href=\"https:\/\/www.futuremanagementgroup.com\/en\/lectures\/speaker-micic\/\">English<\/a><span style=\"color: var( --e-global-color-text ); font-family: var( --e-global-typography-text-font-family ), Sans-serif; font-size: var( --e-global-typography-text-font-size ); font-weight: var( --e-global-typography-text-font-weight ); text-align: var(--text-align);\"> <\/span> &#8211;<span style=\"color: var( --e-global-color-text ); font-family: var( --e-global-typography-text-font-family ), Sans-serif; font-size: var( --e-global-typography-text-font-size ); font-weight: var( --e-global-typography-text-font-weight ); text-align: var(--text-align);\"> <\/span><a style=\"font-family: var( --e-global-typography-text-font-family ), Sans-serif; font-size: var( --e-global-typography-text-font-size ); font-weight: var( --e-global-typography-text-font-weight ); text-align: var(--text-align); background-color: #ffffff;\" href=\"https:\/\/www.futuremanagementgroup.com\/en\/lectures\/speaker-micic\/\">German<\/a><\/p>\n<p>\u25ba Education, training consulting: <a href=\"https:\/\/www.futuremanagementgroup.com\/en\/\">English<\/a> &#8211; <a href=\"https:\/\/www.futuremanagementgroup.com\/en\/\">German<\/a><\/p>\n<\/p>\n<p><strong>PROFILES AND WEBSITES<\/strong><\/p>\n<p>\u25ba Wikipedia: <a href=\"https:\/\/en.wikipedia.org\/wiki\/Pero_Mi%C4%87i%C4%87\">Pero Micic English<\/a> &#8211; <a href=\"https:\/\/de.wikipedia.org\/wiki\/Pero_Mi%C4%87i%C4%87\">Pero Mi\u0107i\u0107 German<\/a><\/p>\n<p>\u25ba Main Business Website: <a href=\"https:\/\/www.futuremanagementgroup.com\/en\/\">English<\/a> &#8211; <a href=\"https:\/\/www.futuremanagementgroup.com\/en\/\">German<\/a><\/p>\n<\/p>\n<p><strong>CURRENT BOOKS<\/strong><\/p>\n<p>\u25ba &#8220;Bright Future Business&#8221;: <a href=\"https:\/\/www.futuremanagementgroup.com\/en\/bright-future-business\/\">English<\/a> &#8211; <a href=\"https:\/\/www.futuremanagementgroup.com\/en\/bright-future-business\/\">German<\/a><\/p>\n<p>\u25ba &#8220;Short-Term Trap&#8221;: <a href=\"https:\/\/www.amazon.de\/Short-Term-Trap-Why-mess-future\/dp\/B0D1G3X5CR\/ref=sr_1_1\">English<\/a> &#8211; <a href=\"https:\/\/www.amazon.de\/Wie-t%C3%A4glich-Zukunft-versauen-Kurzfrist-Falle\/dp\/3430201608\/ref=sr_1_1\">German<\/a><\/p>\n<p>\u25ba &#8220;The Five Futures Glasses&#8221;: <a href=\"https:\/\/www.amazon.de\/Five-Futures-Glasses-Understand-Eltville-ebook\/dp\/B0D4F9K5FV\/ref=sr_1_1\">English<\/a> &#8211; <a href=\"https:\/\/www.amazon.de\/Die-Zukunftsbrillen-werden-Vordenker-Business\/dp\/3869365552\/ref=sr_1_2\">German<\/a><\/p>\n<\/p>\n<p><strong>SOCIAL MEDIA<\/strong><\/p>\n<p>\u25ba Youtube: <a href=\"https:\/\/www.youtube.com\/@DrPeroMicic\">Youtube English<\/a> &#8211; <a style=\"font-family: var( --e-global-typography-text-font-family ), Sans-serif; font-size: var( --e-global-typography-text-font-size ); font-weight: var( --e-global-typography-text-font-weight ); text-align: var(--text-align); background-color: #ffffff;\" href=\"https:\/\/www.youtube.com\/@Dr.PeroMicic\">Youtube German<\/a><\/p>\n<p><span style=\"color: var( --e-global-color-text ); font-family: var( --e-global-typography-text-font-family ), Sans-serif; font-size: var( --e-global-typography-text-font-size ); font-weight: var( --e-global-typography-text-font-weight ); text-align: var(--text-align);\">\u25ba Audio Podcast: <a href=\"https:\/\/podcasts.apple.com\/us\/podcast\/dr-pero-mi%C4%87i%C4%87-bright-future-business\/id1474339238\">Apple EN<\/a> &#8211; <a href=\"https:\/\/open.spotify.com\/show\/4Ix8nEl2Vd07NSlRF8gA6x\">Spotify EN<\/a> &#8211; <\/span><a style=\"font-family: var( --e-global-typography-text-font-family ), Sans-serif; font-size: var( --e-global-typography-text-font-size ); font-weight: var( --e-global-typography-text-font-weight ); text-align: var(--text-align); background-color: #ffffff;\" href=\"https:\/\/podcasts.apple.com\/de\/podcast\/dr-pero-mi%C4%87i%C4%87-bright-future-business-de\/id1382532129\">Apple EN<\/a><span style=\"color: var( --e-global-color-text ); font-family: var( --e-global-typography-text-font-family ), Sans-serif; font-size: var( --e-global-typography-text-font-size ); font-weight: var( --e-global-typography-text-font-weight ); text-align: var(--text-align);\"> &#8211; <\/span><a style=\"font-family: var( --e-global-typography-text-font-family ), Sans-serif; font-size: var( --e-global-typography-text-font-size ); font-weight: var( --e-global-typography-text-font-weight ); text-align: var(--text-align); background-color: #ffffff;\" href=\"https:\/\/open.spotify.com\/show\/6pJ1LvcI92rPqFVCtFT376\">Spotify EN<\/a><\/p>\n<p><a href=\"https:\/\/www.linkedin.com\/in\/peromicic\/\"><span style=\"color: var( --e-global-color-text ); font-family: var( --e-global-typography-text-font-family ), Sans-serif; font-size: var( --e-global-typography-text-font-size ); font-weight: var( --e-global-typography-text-font-weight ); text-align: var(--text-align);\">\u25ba <\/span>Linkedin<\/a><\/p>\n<p><a href=\"https:\/\/x.com\/PeroMicic\"><span style=\"color: var( --e-global-color-text ); font-family: var( --e-global-typography-text-font-family ), Sans-serif; font-size: var( --e-global-typography-text-font-size ); font-weight: var( --e-global-typography-text-font-weight ); text-align: var(--text-align);\">\u25ba <\/span>X (ex Twitter)<\/a><\/p>\n<p><a href=\"https:\/\/www.facebook.com\/DrPeroMicic\"><span style=\"color: var( --e-global-color-text ); font-family: var( --e-global-typography-text-font-family ), Sans-serif; font-size: var( --e-global-typography-text-font-size ); font-weight: var( --e-global-typography-text-font-weight ); text-align: var(--text-align);\">\u25ba <\/span><\/a> Facebook Business &#8211; <a style=\"font-family: var( --e-global-typography-text-font-family ), Sans-serif; font-weight: var( --e-global-typography-text-font-weight ); text-align: var(--text-align);\" href=\"https:\/\/www.facebook.com\/pero.micic\">Facebook Private<\/a><\/p>\n<p><a href=\"https:\/\/www.instagram.com\/pero.micic.en\"><span style=\"color: var( --e-global-color-text ); font-family: var( --e-global-typography-text-font-family ), Sans-serif; font-size: var( --e-global-typography-text-font-size ); font-weight: var( --e-global-typography-text-font-weight ); text-align: var(--text-align);\">\u25ba <\/span><\/a> Instagram English &#8211; <a href=\"https:\/\/www.instagram.com\/pero.micic\/\">Instagram German<\/a><\/p>\n<p><a href=\"https:\/\/www.xing.com\/profile\/Pero_Micic\"><span style=\"color: var( --e-global-color-text ); font-family: var( --e-global-typography-text-font-family ), Sans-serif; font-size: var( --e-global-typography-text-font-size ); font-weight: var( --e-global-typography-text-font-weight ); text-align: var(--text-align);\">\u25ba <\/span>Xing<\/a><\/p>\n<p><span style=\"background-color: transparent; color: var( --e-global-color-text ); font-family: var( --e-global-typography-text-font-family ), Sans-serif; font-weight: var( --e-global-typography-text-font-weight ); text-align: var(--text-align);\">\u25ba<\/span> <span style=\"background-color: transparent; color: var( --e-global-color-text ); font-family: var( --e-global-typography-text-font-family ), Sans-serif; font-weight: var( --e-global-typography-text-font-weight ); text-align: var(--text-align);\">FutureManagementGroup AG<\/span><\/p>\n<ul>\n<li><a href=\"https:\/\/www.youtube.com\/@FutureManagementGroup\">Youtube FMG<\/a><\/li>\n<li><a style=\"font-family: var( --e-global-typography-text-font-family ), Sans-serif; font-weight: var( --e-global-typography-text-font-weight ); text-align: var(--text-align);\" href=\"https:\/\/www.linkedin.com\/company\/1185372\">Linkedin FMG<\/a><\/li>\n<li><a href=\"https:\/\/x.com\/FMG_AG\">X FMG<\/a><\/li>\n<li><a href=\"https:\/\/www.facebook.com\/FutureManagementGroup\/\">Facebook FMG<\/a><\/li>\n<\/ul>\n<p><strong><span style=\"color: var( --e-global-color-text ); font-family: var( --e-global-typography-text-font-family ), Sans-serif; font-size: var( --e-global-typography-text-font-size ); text-align: var(--text-align);\">COMMUNITIES<\/span><\/strong><\/p>\n<p>\u25ba Bright Future Leaders (free): <a href=\"https:\/\/www.futuremanagementgroup.com\/en\/knowledge\/bright-future-leaders\/\">English<\/a> &#8211; <a href=\"https:\/\/www.futuremanagementgroup.com\/en\/knowledge\/bright-future-leaders\/\">German<\/a><\/p>\n<p>\u25ba Leader&#8217;s Foresight Network (invitation only): <a href=\"https:\/\/www.futuremanagementgroup.com\/en\/knowledge\/leaders-foresight-network\/\">English<\/a> &#8211; <a href=\"https:\/\/www.futuremanagementgroup.com\/en\/knowledge\/leaders-foresight-network\/\">German<\/a><\/p>\n\t\t\t\t\t\t\t\t<\/div>\n\t\t\t\t<\/div>\n\t\t\t\t\t<\/div>\n\t\t\t\t<\/div>\n\t\t\t\t<\/div>\n\t\t","protected":false},"excerpt":{"rendered":"<p>Prof. Dr. Pero M\u0107i\u0107 Links to publications &#8211; actitivies &#8211; offerings OFFERINGS \u25ba Speeches and keynotes: English &#8211; German \u25ba Education, training consulting: English &#8211; German PROFILES AND WEBSITES \u25ba Wikipedia: Pero Micic English &#8211; Pero Mi\u0107i\u0107 German \u25ba Main Business Website: English &#8211; German CURRENT BOOKS \u25ba &#8220;Bright Future Business&#8221;: English &#8211; German \u25ba [&hellip;]<\/p>\n","protected":false},"author":4491,"featured_media":0,"parent":0,"menu_order":0,"comment_status":"closed","ping_status":"closed","template":"","meta":{"inline_featured_image":false,"footnotes":""},"class_list":["post-112371","page","type-page","status-publish","hentry"],"yoast_head":"<!-- This site is optimized with the Yoast SEO plugin v27.3 - https:\/\/yoast.com\/product\/yoast-seo-wordpress\/ -->\n<title>Dr. Pero Mi\u0107i\u0107 - Links | FutureManagementGroup AG<\/title>\n<meta name=\"description\" content=\"Links to publications and activities by Dr. Pero Mi\u0107i\u0107\" \/>\n<meta name=\"robots\" content=\"index, follow, max-snippet:-1, max-image-preview:large, max-video-preview:-1\" \/>\n<link rel=\"canonical\" href=\"https:\/\/www.futuremanagementgroup.com\/en\/dr-pero-micic-links\/\" \/>\n<meta property=\"og:locale\" content=\"en_US\" \/>\n<meta property=\"og:type\" content=\"article\" \/>\n<meta property=\"og:title\" content=\"Dr. Pero Mi\u0107i\u0107 - Links | FutureManagementGroup AG\" \/>\n<meta property=\"og:description\" content=\"Links to publications and activities by Dr. Pero Mi\u0107i\u0107\" \/>\n<meta property=\"og:url\" content=\"https:\/\/www.futuremanagementgroup.com\/en\/dr-pero-micic-links\/\" \/>\n<meta property=\"og:site_name\" content=\"FutureManagementGroup AG\" \/>\n<meta property=\"article:publisher\" content=\"https:\/\/www.facebook.com\/FutureManagementGroup\/\" \/>\n<meta property=\"article:modified_time\" content=\"2025-03-30T12:36:30+00:00\" \/>\n<meta property=\"og:image\" content=\"https:\/\/www.futuremanagementgroup.com\/wp-content\/uploads\/gradient-1-1.jpg\" \/>\n\t<meta property=\"og:image:width\" content=\"185\" \/>\n\t<meta property=\"og:image:height\" content=\"4\" \/>\n\t<meta property=\"og:image:type\" content=\"image\/jpeg\" \/>\n<meta name=\"twitter:card\" content=\"summary_large_image\" \/>\n<meta name=\"twitter:site\" content=\"@FMG_AG\" \/>\n<meta name=\"twitter:label1\" content=\"Est. reading time\" \/>\n\t<meta name=\"twitter:data1\" content=\"1 minute\" \/>\n<script type=\"application\/ld+json\" class=\"yoast-schema-graph\">{\"@context\":\"https:\\\/\\\/schema.org\",\"@graph\":[{\"@type\":\"WebPage\",\"@id\":\"https:\\\/\\\/www.futuremanagementgroup.com\\\/en\\\/dr-pero-micic-links\\\/\",\"url\":\"https:\\\/\\\/www.futuremanagementgroup.com\\\/en\\\/dr-pero-micic-links\\\/\",\"name\":\"Dr. Pero Mi\u0107i\u0107 - Links | FutureManagementGroup AG\",\"isPartOf\":{\"@id\":\"https:\\\/\\\/www.futuremanagementgroup.com\\\/en\\\/#website\"},\"primaryImageOfPage\":{\"@id\":\"https:\\\/\\\/www.futuremanagementgroup.com\\\/en\\\/dr-pero-micic-links\\\/#primaryimage\"},\"image\":{\"@id\":\"https:\\\/\\\/www.futuremanagementgroup.com\\\/en\\\/dr-pero-micic-links\\\/#primaryimage\"},\"thumbnailUrl\":\"https:\\\/\\\/www.futuremanagementgroup.com\\\/wp-content\\\/uploads\\\/gradient-1-1.jpg\",\"datePublished\":\"2025-03-30T11:57:57+00:00\",\"dateModified\":\"2025-03-30T12:36:30+00:00\",\"description\":\"Links to publications and activities by Dr. Pero Mi\u0107i\u0107\",\"breadcrumb\":{\"@id\":\"https:\\\/\\\/www.futuremanagementgroup.com\\\/en\\\/dr-pero-micic-links\\\/#breadcrumb\"},\"inLanguage\":\"en-US\",\"potentialAction\":[{\"@type\":\"ReadAction\",\"target\":[\"https:\\\/\\\/www.futuremanagementgroup.com\\\/en\\\/dr-pero-micic-links\\\/\"]}]},{\"@type\":\"ImageObject\",\"inLanguage\":\"en-US\",\"@id\":\"https:\\\/\\\/www.futuremanagementgroup.com\\\/en\\\/dr-pero-micic-links\\\/#primaryimage\",\"url\":\"https:\\\/\\\/www.futuremanagementgroup.com\\\/wp-content\\\/uploads\\\/gradient-1-1.jpg\",\"contentUrl\":\"https:\\\/\\\/www.futuremanagementgroup.com\\\/wp-content\\\/uploads\\\/gradient-1-1.jpg\"},{\"@type\":\"BreadcrumbList\",\"@id\":\"https:\\\/\\\/www.futuremanagementgroup.com\\\/en\\\/dr-pero-micic-links\\\/#breadcrumb\",\"itemListElement\":[{\"@type\":\"ListItem\",\"position\":1,\"name\":\"Home\",\"item\":\"https:\\\/\\\/www.futuremanagementgroup.com\\\/en\\\/\"},{\"@type\":\"ListItem\",\"position\":2,\"name\":\"Dr. Pero Mi\u0107i\u0107 &#8211; Links\"}]},{\"@type\":\"WebSite\",\"@id\":\"https:\\\/\\\/www.futuremanagementgroup.com\\\/en\\\/#website\",\"url\":\"https:\\\/\\\/www.futuremanagementgroup.com\\\/en\\\/\",\"name\":\"FutureManagementGroup AG\",\"description\":\"\",\"publisher\":{\"@id\":\"https:\\\/\\\/www.futuremanagementgroup.com\\\/en\\\/#organization\"},\"potentialAction\":[{\"@type\":\"SearchAction\",\"target\":{\"@type\":\"EntryPoint\",\"urlTemplate\":\"https:\\\/\\\/www.futuremanagementgroup.com\\\/en\\\/?s={search_term_string}\"},\"query-input\":{\"@type\":\"PropertyValueSpecification\",\"valueRequired\":true,\"valueName\":\"search_term_string\"}}],\"inLanguage\":\"en-US\"},{\"@type\":\"Organization\",\"@id\":\"https:\\\/\\\/www.futuremanagementgroup.com\\\/en\\\/#organization\",\"name\":\"FutureManagementGroup AG\",\"url\":\"https:\\\/\\\/www.futuremanagementgroup.com\\\/en\\\/\",\"logo\":{\"@type\":\"ImageObject\",\"inLanguage\":\"en-US\",\"@id\":\"https:\\\/\\\/www.futuremanagementgroup.com\\\/en\\\/#\\\/schema\\\/logo\\\/image\\\/\",\"url\":\"https:\\\/\\\/www.futuremanagementgroup.com\\\/wp-content\\\/uploads\\\/Logo_Futuremanagementgroup.png\",\"contentUrl\":\"https:\\\/\\\/www.futuremanagementgroup.com\\\/wp-content\\\/uploads\\\/Logo_Futuremanagementgroup.png\",\"width\":704,\"height\":212,\"caption\":\"FutureManagementGroup AG\"},\"image\":{\"@id\":\"https:\\\/\\\/www.futuremanagementgroup.com\\\/en\\\/#\\\/schema\\\/logo\\\/image\\\/\"},\"sameAs\":[\"https:\\\/\\\/www.facebook.com\\\/FutureManagementGroup\\\/\",\"https:\\\/\\\/x.com\\\/FMG_AG\",\"https:\\\/\\\/www.linkedin.com\\\/company\\\/futuremanagementgroup-ag\\\/\",\"https:\\\/\\\/www.xing.com\\\/companies\\\/futuremanagementgroupag\"]}]}<\/script>\n<!-- \/ Yoast SEO plugin. -->","yoast_head_json":{"title":"Dr. Pero Mi\u0107i\u0107 - Links | FutureManagementGroup AG","description":"Links to publications and activities by Dr. Pero Mi\u0107i\u0107","robots":{"index":"index","follow":"follow","max-snippet":"max-snippet:-1","max-image-preview":"max-image-preview:large","max-video-preview":"max-video-preview:-1"},"canonical":"https:\/\/www.futuremanagementgroup.com\/en\/dr-pero-micic-links\/","og_locale":"en_US","og_type":"article","og_title":"Dr. Pero Mi\u0107i\u0107 - Links | FutureManagementGroup AG","og_description":"Links to publications and activities by Dr. Pero Mi\u0107i\u0107","og_url":"https:\/\/www.futuremanagementgroup.com\/en\/dr-pero-micic-links\/","og_site_name":"FutureManagementGroup AG","article_publisher":"https:\/\/www.facebook.com\/FutureManagementGroup\/","article_modified_time":"2025-03-30T12:36:30+00:00","og_image":[{"width":185,"height":4,"url":"https:\/\/www.futuremanagementgroup.com\/wp-content\/uploads\/gradient-1-1.jpg","type":"image\/jpeg"}],"twitter_card":"summary_large_image","twitter_site":"@FMG_AG","twitter_misc":{"Est. reading time":"1 minute"},"schema":{"@context":"https:\/\/schema.org","@graph":[{"@type":"WebPage","@id":"https:\/\/www.futuremanagementgroup.com\/en\/dr-pero-micic-links\/","url":"https:\/\/www.futuremanagementgroup.com\/en\/dr-pero-micic-links\/","name":"Dr. Pero Mi\u0107i\u0107 - Links | FutureManagementGroup AG","isPartOf":{"@id":"https:\/\/www.futuremanagementgroup.com\/en\/#website"},"primaryImageOfPage":{"@id":"https:\/\/www.futuremanagementgroup.com\/en\/dr-pero-micic-links\/#primaryimage"},"image":{"@id":"https:\/\/www.futuremanagementgroup.com\/en\/dr-pero-micic-links\/#primaryimage"},"thumbnailUrl":"https:\/\/www.futuremanagementgroup.com\/wp-content\/uploads\/gradient-1-1.jpg","datePublished":"2025-03-30T11:57:57+00:00","dateModified":"2025-03-30T12:36:30+00:00","description":"Links to publications and activities by Dr. Pero Mi\u0107i\u0107","breadcrumb":{"@id":"https:\/\/www.futuremanagementgroup.com\/en\/dr-pero-micic-links\/#breadcrumb"},"inLanguage":"en-US","potentialAction":[{"@type":"ReadAction","target":["https:\/\/www.futuremanagementgroup.com\/en\/dr-pero-micic-links\/"]}]},{"@type":"ImageObject","inLanguage":"en-US","@id":"https:\/\/www.futuremanagementgroup.com\/en\/dr-pero-micic-links\/#primaryimage","url":"https:\/\/www.futuremanagementgroup.com\/wp-content\/uploads\/gradient-1-1.jpg","contentUrl":"https:\/\/www.futuremanagementgroup.com\/wp-content\/uploads\/gradient-1-1.jpg"},{"@type":"BreadcrumbList","@id":"https:\/\/www.futuremanagementgroup.com\/en\/dr-pero-micic-links\/#breadcrumb","itemListElement":[{"@type":"ListItem","position":1,"name":"Home","item":"https:\/\/www.futuremanagementgroup.com\/en\/"},{"@type":"ListItem","position":2,"name":"Dr. Pero Mi\u0107i\u0107 &#8211; Links"}]},{"@type":"WebSite","@id":"https:\/\/www.futuremanagementgroup.com\/en\/#website","url":"https:\/\/www.futuremanagementgroup.com\/en\/","name":"FutureManagementGroup AG","description":"","publisher":{"@id":"https:\/\/www.futuremanagementgroup.com\/en\/#organization"},"potentialAction":[{"@type":"SearchAction","target":{"@type":"EntryPoint","urlTemplate":"https:\/\/www.futuremanagementgroup.com\/en\/?s={search_term_string}"},"query-input":{"@type":"PropertyValueSpecification","valueRequired":true,"valueName":"search_term_string"}}],"inLanguage":"en-US"},{"@type":"Organization","@id":"https:\/\/www.futuremanagementgroup.com\/en\/#organization","name":"FutureManagementGroup AG","url":"https:\/\/www.futuremanagementgroup.com\/en\/","logo":{"@type":"ImageObject","inLanguage":"en-US","@id":"https:\/\/www.futuremanagementgroup.com\/en\/#\/schema\/logo\/image\/","url":"https:\/\/www.futuremanagementgroup.com\/wp-content\/uploads\/Logo_Futuremanagementgroup.png","contentUrl":"https:\/\/www.futuremanagementgroup.com\/wp-content\/uploads\/Logo_Futuremanagementgroup.png","width":704,"height":212,"caption":"FutureManagementGroup AG"},"image":{"@id":"https:\/\/www.futuremanagementgroup.com\/en\/#\/schema\/logo\/image\/"},"sameAs":["https:\/\/www.facebook.com\/FutureManagementGroup\/","https:\/\/x.com\/FMG_AG","https:\/\/www.linkedin.com\/company\/futuremanagementgroup-ag\/","https:\/\/www.xing.com\/companies\/futuremanagementgroupag"]}]}},"_links":{"self":[{"href":"https:\/\/www.futuremanagementgroup.com\/en\/wp-json\/wp\/v2\/pages\/112371","targetHints":{"allow":["GET"]}}],"collection":[{"href":"https:\/\/www.futuremanagementgroup.com\/en\/wp-json\/wp\/v2\/pages"}],"about":[{"href":"https:\/\/www.futuremanagementgroup.com\/en\/wp-json\/wp\/v2\/types\/page"}],"author":[{"embeddable":true,"href":"https:\/\/www.futuremanagementgroup.com\/en\/wp-json\/wp\/v2\/users\/4491"}],"replies":[{"embeddable":true,"href":"https:\/\/www.futuremanagementgroup.com\/en\/wp-json\/wp\/v2\/comments?post=112371"}],"version-history":[{"count":5,"href":"https:\/\/www.futuremanagementgroup.com\/en\/wp-json\/wp\/v2\/pages\/112371\/revisions"}],"predecessor-version":[{"id":112390,"href":"https:\/\/www.futuremanagementgroup.com\/en\/wp-json\/wp\/v2\/pages\/112371\/revisions\/112390"}],"wp:attachment":[{"href":"https:\/\/www.futuremanagementgroup.com\/en\/wp-json\/wp\/v2\/media?parent=112371"}],"curies":[{"name":"wp","href":"https:\/\/api.w.org\/{rel}","templated":true}]}}